{"id":10845,"date":"2021-02-11T09:44:45","date_gmt":"2021-02-11T07:44:45","guid":{"rendered":"https:\/\/puiduklaster.ee\/?page_id=10845"},"modified":"2026-02-27T08:37:19","modified_gmt":"2026-02-27T06:37:19","slug":"business","status":"publish","type":"page","link":"https:\/\/puiduklaster.ee\/en\/business\/","title":{"rendered":"\u00c4riklient"},"content":{"rendered":"<p>[et_pb_section fb_built=&#8221;1&#8243; admin_label=&#8221;Header&#8221; _builder_version=&#8221;4.16&#8243; background_color=&#8221;#f7f3ec&#8221; background_color_gradient_direction=&#8221;150deg&#8221; custom_padding=&#8221;54px|0px|0|0px|false|false&#8221; locked=&#8221;off&#8221; global_colors_info=&#8221;{}&#8221;][et_pb_row _builder_version=&#8221;4.16&#8243; module_alignment=&#8221;center&#8221; global_colors_info=&#8221;{}&#8221;][et_pb_column type=&#8221;4_4&#8243; _builder_version=&#8221;4.16&#8243; custom_padding=&#8221;|||&#8221; global_colors_info=&#8221;{}&#8221; custom_padding__hover=&#8221;|||&#8221;][et_pb_text admin_label=&#8221;Text&#8221; _builder_version=&#8221;4.27.5&#8243; text_font=&#8221;||||||||&#8221; header_font=&#8221;Montserrat|300|||||||&#8221; header_font_size=&#8221;70px&#8221; header_line_height=&#8221;1.3em&#8221; header_4_font=&#8221;Montserrat|500||on|||||&#8221; header_4_text_color=&#8221;#ef6f49&#8243; header_4_font_size=&#8221;11px&#8221; header_4_letter_spacing=&#8221;3px&#8221; text_orientation=&#8221;center&#8221; header_font_size_tablet=&#8221;50px&#8221; header_font_size_phone=&#8221;40px&#8221; header_font_size_last_edited=&#8221;on|phone&#8221; locked=&#8221;off&#8221; global_colors_info=&#8221;{}&#8221;]<\/p>\n<h2>SE Estonia Wood &amp; Furniture Cluster<\/h2>\n<p>[\/et_pb_text][et_pb_text admin_label=&#8221;Text&#8221; _builder_version=&#8221;4.27.5&#8243; text_font=&#8221;||||||||&#8221; text_font_size=&#8221;16px&#8221; text_line_height=&#8221;2.2em&#8221; header_font=&#8221;Montserrat|300|||||||&#8221; header_font_size=&#8221;70px&#8221; header_line_height=&#8221;1.3em&#8221; header_4_font=&#8221;Montserrat|500||on|||||&#8221; header_4_text_color=&#8221;#ef6f49&#8243; header_4_font_size=&#8221;11px&#8221; header_4_letter_spacing=&#8221;3px&#8221; text_orientation=&#8221;center&#8221; max_width=&#8221;700px&#8221; module_alignment=&#8221;center&#8221; hover_enabled=&#8221;0&#8243; header_font_size_tablet=&#8221;50px&#8221; header_font_size_phone=&#8221;40px&#8221; header_font_size_last_edited=&#8221;on|phone&#8221; locked=&#8221;off&#8221; global_colors_info=&#8221;{}&#8221; sticky_enabled=&#8221;0&#8243;]<\/p>\n<div class=\"col col02\">\n<div class=\"et_pb_module et_pb_text et_pb_text_1  et_pb_text_align_center et_pb_bg_layout_light\">\n<div class=\"et_pb_text_inner\">\n<p><strong data-start=\"61\" data-end=\"81\">Cluster<\/strong> is a collaborative organisation bringing together 51 companies operating in the wood and furniture sector. The cluster unites businesses focused on wood processing, furniture manufacturing, and the production of wooden components, fostering cooperation, innovation, and the sustainable development of the industry.<\/p>\n<p>Official name: Kagu-Eesti Puiduklaster<\/p>\n<p><strong>Contact: <\/strong>Hille Lillem\u00e4gi,<\/p>\n<p><a href=\"mailto:info@puiduklaster.ee\">info@puiduklaster.ee , <\/a>+372 5302 5373<\/p>\n<\/div>\n<\/div>\n<\/div>\n<p>&nbsp;<\/p>\n<h3>Wood and Furniture Manufacturers<\/h3>\n<p>[\/et_pb_text][\/et_pb_column][\/et_pb_row][\/et_pb_section][et_pb_section fb_built=&#8221;1&#8243; admin_label=&#8221;Blog&#8221; _builder_version=&#8221;4.16&#8243; background_color=&#8221;#f7f3ec&#8221; background_color_gradient_direction=&#8221;150deg&#8221; custom_padding=&#8221;0px||||false|false&#8221; locked=&#8221;off&#8221; global_colors_info=&#8221;{}&#8221;][et_pb_row _builder_version=&#8221;4.16&#8243; global_colors_info=&#8221;{}&#8221;][et_pb_column type=&#8221;4_4&#8243; _builder_version=&#8221;4.16&#8243; custom_padding=&#8221;|||&#8221; global_colors_info=&#8221;{}&#8221; custom_padding__hover=&#8221;|||&#8221;][et_pb_blog fullwidth=&#8221;off&#8221; post_type=&#8221;tootjad&#8221; posts_number=&#8221;50&#8243; use_manual_excerpt=&#8221;off&#8221; show_author=&#8221;off&#8221; show_date=&#8221;off&#8221; show_categories=&#8221;off&#8221; show_excerpt=&#8221;off&#8221; use_overlay=&#8221;on&#8221; overlay_icon_color=&#8221;#ffffff&#8221; hover_overlay_color=&#8221;rgba(0,0,0,0.1)&#8221; hover_overlay_color_last_edited=&#8221;off|desktop&#8221; _builder_version=&#8221;4.16&#8243; header_font=&#8221;Montserrat|300|||||||&#8221; header_line_height=&#8221;1.4em&#8221; body_font=&#8221;||||||||&#8221; body_line_height=&#8221;2em&#8221; meta_font=&#8221;|600|||||||&#8221; meta_text_color=&#8221;#ef6f49&#8243; meta_font_size=&#8221;14px&#8221; meta_letter_spacing=&#8221;0&#8243; meta_line_height=&#8221;2em&#8221; pagination_font=&#8221;Montserrat||||||||&#8221; pagination_text_color=&#8221;#000000&#8243; border_width_all=&#8221;0px&#8221; global_colors_info=&#8221;{}&#8221;][\/et_pb_blog][\/et_pb_column][\/et_pb_row][\/et_pb_section]<\/p>\n","protected":false},"excerpt":{"rendered":"<p>SE Estonia Wood &amp; Furniture Cluster Cluster is a collaborative organisation bringing together 51 companies operating in the wood and furniture sector. The cluster unites businesses focused on wood processing, furniture manufacturing, and the production of wooden components, fostering cooperation, innovation, and the sustainable development of the industry. Official name: Kagu-Eesti Puiduklaster Contact: Hille Lillem\u00e4gi, [&hellip;]<\/p>\n","protected":false},"author":1,"featured_media":0,"parent":0,"menu_order":0,"comment_status":"closed","ping_status":"open","template":"","meta":{"_acf_changed":false,"_et_pb_use_builder":"on","_et_pb_old_content":"","_et_gb_content_width":"","footnotes":""},"class_list":["post-10845","page","type-page","status-publish","hentry"],"acf":[],"yoast_head":"<!-- This site is optimized with the Yoast SEO plugin v27.4 - https:\/\/yoast.com\/product\/yoast-seo-wordpress\/ -->\n<title>\u00c4riklient - Kagu-Eesti Puiduklaster<\/title>\n<meta name=\"robots\" content=\"index, follow, max-snippet:-1, max-image-preview:large, max-video-preview:-1\" \/>\n<link rel=\"canonical\" href=\"https:\/\/puiduklaster.ee\/en\/business\/\" \/>\n<meta property=\"og:locale\" content=\"en_GB\" \/>\n<meta property=\"og:type\" content=\"article\" \/>\n<meta property=\"og:title\" content=\"\u00c4riklient - Kagu-Eesti Puiduklaster\" \/>\n<meta property=\"og:description\" content=\"SE Estonia Wood &amp; Furniture Cluster Cluster is a collaborative organisation bringing together 51 companies operating in the wood and furniture sector. The cluster unites businesses focused on wood processing, furniture manufacturing, and the production of wooden components, fostering cooperation, innovation, and the sustainable development of the industry. Official name: Kagu-Eesti Puiduklaster Contact: Hille Lillem\u00e4gi, [&hellip;]\" \/>\n<meta property=\"og:site_name\" content=\"Kagu-Eesti Puiduklaster\" \/>\n<meta property=\"article:publisher\" content=\"https:\/\/www.facebook.com\/Puiduklaster\" \/>\n<meta property=\"article:modified_time\" content=\"2026-02-27T06:37:19+00:00\" \/>\n<meta name=\"twitter:card\" content=\"summary_large_image\" \/>\n<meta name=\"twitter:label1\" content=\"Estimated reading time\" \/>\n\t<meta name=\"twitter:data1\" content=\"12 minutes\" \/>\n<script type=\"application\/ld+json\" class=\"yoast-schema-graph\">{\"@context\":\"https:\\\/\\\/schema.org\",\"@graph\":[{\"@type\":\"WebPage\",\"@id\":\"https:\\\/\\\/puiduklaster.ee\\\/en\\\/business\\\/\",\"url\":\"https:\\\/\\\/puiduklaster.ee\\\/en\\\/business\\\/\",\"name\":\"\u00c4riklient - Kagu-Eesti Puiduklaster\",\"isPartOf\":{\"@id\":\"https:\\\/\\\/puiduklaster.ee\\\/en\\\/#website\"},\"datePublished\":\"2021-02-11T07:44:45+00:00\",\"dateModified\":\"2026-02-27T06:37:19+00:00\",\"breadcrumb\":{\"@id\":\"https:\\\/\\\/puiduklaster.ee\\\/en\\\/business\\\/#breadcrumb\"},\"inLanguage\":\"en-GB\",\"potentialAction\":[{\"@type\":\"ReadAction\",\"target\":[\"https:\\\/\\\/puiduklaster.ee\\\/en\\\/business\\\/\"]}]},{\"@type\":\"BreadcrumbList\",\"@id\":\"https:\\\/\\\/puiduklaster.ee\\\/en\\\/business\\\/#breadcrumb\",\"itemListElement\":[{\"@type\":\"ListItem\",\"position\":1,\"name\":\"Home\",\"item\":\"https:\\\/\\\/puiduklaster.ee\\\/en\\\/\"},{\"@type\":\"ListItem\",\"position\":2,\"name\":\"\u00c4riklient\"}]},{\"@type\":\"WebSite\",\"@id\":\"https:\\\/\\\/puiduklaster.ee\\\/en\\\/#website\",\"url\":\"https:\\\/\\\/puiduklaster.ee\\\/en\\\/\",\"name\":\"Kagu-Eesti Puiduklaster\",\"description\":\"Puidu- ja m\u00f6\u00f6blitootjad L\u00f5una-Eestist\",\"publisher\":{\"@id\":\"https:\\\/\\\/puiduklaster.ee\\\/en\\\/#organization\"},\"potentialAction\":[{\"@type\":\"SearchAction\",\"target\":{\"@type\":\"EntryPoint\",\"urlTemplate\":\"https:\\\/\\\/puiduklaster.ee\\\/en\\\/?s={search_term_string}\"},\"query-input\":{\"@type\":\"PropertyValueSpecification\",\"valueRequired\":true,\"valueName\":\"search_term_string\"}}],\"inLanguage\":\"en-GB\"},{\"@type\":\"Organization\",\"@id\":\"https:\\\/\\\/puiduklaster.ee\\\/en\\\/#organization\",\"name\":\"Kagu-Eesti Puiduklaster\",\"url\":\"https:\\\/\\\/puiduklaster.ee\\\/en\\\/\",\"logo\":{\"@type\":\"ImageObject\",\"inLanguage\":\"en-GB\",\"@id\":\"https:\\\/\\\/puiduklaster.ee\\\/en\\\/#\\\/schema\\\/logo\\\/image\\\/\",\"url\":\"https:\\\/\\\/puiduklaster.ee\\\/wp-content\\\/uploads\\\/2020\\\/12\\\/puiduklaster-logo-201201.svg\",\"contentUrl\":\"https:\\\/\\\/puiduklaster.ee\\\/wp-content\\\/uploads\\\/2020\\\/12\\\/puiduklaster-logo-201201.svg\",\"width\":\"1024\",\"height\":\"1024\",\"caption\":\"Kagu-Eesti Puiduklaster\"},\"image\":{\"@id\":\"https:\\\/\\\/puiduklaster.ee\\\/en\\\/#\\\/schema\\\/logo\\\/image\\\/\"},\"sameAs\":[\"https:\\\/\\\/www.facebook.com\\\/Puiduklaster\"]}]}<\/script>\n<!-- \/ Yoast SEO plugin. -->","yoast_head_json":{"title":"\u00c4riklient - Kagu-Eesti Puiduklaster","robots":{"index":"index","follow":"follow","max-snippet":"max-snippet:-1","max-image-preview":"max-image-preview:large","max-video-preview":"max-video-preview:-1"},"canonical":"https:\/\/puiduklaster.ee\/en\/business\/","og_locale":"en_GB","og_type":"article","og_title":"\u00c4riklient - Kagu-Eesti Puiduklaster","og_description":"SE Estonia Wood &amp; Furniture Cluster Cluster is a collaborative organisation bringing together 51 companies operating in the wood and furniture sector. The cluster unites businesses focused on wood processing, furniture manufacturing, and the production of wooden components, fostering cooperation, innovation, and the sustainable development of the industry. Official name: Kagu-Eesti Puiduklaster Contact: Hille Lillem\u00e4gi, [&hellip;]","og_site_name":"Kagu-Eesti Puiduklaster","article_publisher":"https:\/\/www.facebook.com\/Puiduklaster","article_modified_time":"2026-02-27T06:37:19+00:00","twitter_card":"summary_large_image","twitter_misc":{"Estimated reading time":"12 minutes"},"schema":{"@context":"https:\/\/schema.org","@graph":[{"@type":"WebPage","@id":"https:\/\/puiduklaster.ee\/en\/business\/","url":"https:\/\/puiduklaster.ee\/en\/business\/","name":"\u00c4riklient - Kagu-Eesti Puiduklaster","isPartOf":{"@id":"https:\/\/puiduklaster.ee\/en\/#website"},"datePublished":"2021-02-11T07:44:45+00:00","dateModified":"2026-02-27T06:37:19+00:00","breadcrumb":{"@id":"https:\/\/puiduklaster.ee\/en\/business\/#breadcrumb"},"inLanguage":"en-GB","potentialAction":[{"@type":"ReadAction","target":["https:\/\/puiduklaster.ee\/en\/business\/"]}]},{"@type":"BreadcrumbList","@id":"https:\/\/puiduklaster.ee\/en\/business\/#breadcrumb","itemListElement":[{"@type":"ListItem","position":1,"name":"Home","item":"https:\/\/puiduklaster.ee\/en\/"},{"@type":"ListItem","position":2,"name":"\u00c4riklient"}]},{"@type":"WebSite","@id":"https:\/\/puiduklaster.ee\/en\/#website","url":"https:\/\/puiduklaster.ee\/en\/","name":"Kagu-Eesti Puiduklaster","description":"Puidu- ja m\u00f6\u00f6blitootjad L\u00f5una-Eestist","publisher":{"@id":"https:\/\/puiduklaster.ee\/en\/#organization"},"potentialAction":[{"@type":"SearchAction","target":{"@type":"EntryPoint","urlTemplate":"https:\/\/puiduklaster.ee\/en\/?s={search_term_string}"},"query-input":{"@type":"PropertyValueSpecification","valueRequired":true,"valueName":"search_term_string"}}],"inLanguage":"en-GB"},{"@type":"Organization","@id":"https:\/\/puiduklaster.ee\/en\/#organization","name":"Kagu-Eesti Puiduklaster","url":"https:\/\/puiduklaster.ee\/en\/","logo":{"@type":"ImageObject","inLanguage":"en-GB","@id":"https:\/\/puiduklaster.ee\/en\/#\/schema\/logo\/image\/","url":"https:\/\/puiduklaster.ee\/wp-content\/uploads\/2020\/12\/puiduklaster-logo-201201.svg","contentUrl":"https:\/\/puiduklaster.ee\/wp-content\/uploads\/2020\/12\/puiduklaster-logo-201201.svg","width":"1024","height":"1024","caption":"Kagu-Eesti Puiduklaster"},"image":{"@id":"https:\/\/puiduklaster.ee\/en\/#\/schema\/logo\/image\/"},"sameAs":["https:\/\/www.facebook.com\/Puiduklaster"]}]}},"_links":{"self":[{"href":"https:\/\/puiduklaster.ee\/en\/wp-json\/wp\/v2\/pages\/10845","targetHints":{"allow":["GET"]}}],"collection":[{"href":"https:\/\/puiduklaster.ee\/en\/wp-json\/wp\/v2\/pages"}],"about":[{"href":"https:\/\/puiduklaster.ee\/en\/wp-json\/wp\/v2\/types\/page"}],"author":[{"embeddable":true,"href":"https:\/\/puiduklaster.ee\/en\/wp-json\/wp\/v2\/users\/1"}],"replies":[{"embeddable":true,"href":"https:\/\/puiduklaster.ee\/en\/wp-json\/wp\/v2\/comments?post=10845"}],"version-history":[{"count":21,"href":"https:\/\/puiduklaster.ee\/en\/wp-json\/wp\/v2\/pages\/10845\/revisions"}],"predecessor-version":[{"id":21999,"href":"https:\/\/puiduklaster.ee\/en\/wp-json\/wp\/v2\/pages\/10845\/revisions\/21999"}],"wp:attachment":[{"href":"https:\/\/puiduklaster.ee\/en\/wp-json\/wp\/v2\/media?parent=10845"}],"curies":[{"name":"wp","href":"https:\/\/api.w.org\/{rel}","templated":true}]}}