{"id":10623,"date":"2021-02-04T12:07:45","date_gmt":"2021-02-04T10:07:45","guid":{"rendered":"https:\/\/puiduklaster.ee\/?page_id=10623"},"modified":"2021-03-09T13:36:27","modified_gmt":"2021-03-09T11:36:27","slug":"outdoor","status":"publish","type":"page","link":"https:\/\/puiduklaster.ee\/en\/rooms\/outdoor\/","title":{"rendered":"Outdoor"},"content":{"rendered":"<p>[et_pb_section fb_built=&#8221;1&#8243; admin_label=&#8221;Header&#8221; _builder_version=&#8221;4.9.1&#8243; _module_preset=&#8221;598d9117-1905-4cfc-958d-0e5fa17badaf&#8221; locked=&#8221;off&#8221;][et_pb_row _builder_version=&#8221;4.7.7&#8243; _module_preset=&#8221;356d3c0e-30a2-4c7e-b19c-16471bae00e5&#8243;][et_pb_column type=&#8221;4_4&#8243; _builder_version=&#8221;3.25&#8243; custom_padding=&#8221;|||&#8221; custom_padding__hover=&#8221;|||&#8221;][et_pb_text _builder_version=&#8221;4.9.1&#8243; _module_preset=&#8221;a184be5c-20dd-4ae2-a9a8-56a69a175957&#8243; hover_enabled=&#8221;0&#8243; locked=&#8221;off&#8221; sticky_enabled=&#8221;0&#8243;]<\/p>\n<h1>Outdoor<\/h1>\n<p>[\/et_pb_text][\/et_pb_column][\/et_pb_row][\/et_pb_section][et_pb_section fb_built=&#8221;1&#8243; admin_label=&#8221;Tooted&#8221; _builder_version=&#8221;4.7.7&#8243; _module_preset=&#8221;09c4d915-5fa5-4b56-8eb0-85ff8362b1c4&#8243; saved_tabs=&#8221;all&#8221; locked=&#8221;off&#8221;][et_pb_row _builder_version=&#8221;4.7.7&#8243; _module_preset=&#8221;b324a9ec-9701-4b39-8e5b-c6e1f1d7c875&#8243;][et_pb_column type=&#8221;4_4&#8243; _builder_version=&#8221;3.25&#8243; custom_padding=&#8221;|||&#8221; custom_padding__hover=&#8221;|||&#8221;][et_pb_blog posts_number=&#8221;50&#8243; include_categories=&#8221;78&#8243; use_manual_excerpt=&#8221;off&#8221; admin_label=&#8221;Tooted&#8221; _builder_version=&#8221;4.8.2&#8243; _module_preset=&#8221;3b165a50-49ce-4950-baa9-0b1486410e6c&#8221;][\/et_pb_blog][\/et_pb_column][\/et_pb_row][\/et_pb_section]<\/p>\n","protected":false},"excerpt":{"rendered":"<p>Outdoor<\/p>\n","protected":false},"author":1,"featured_media":0,"parent":10614,"menu_order":0,"comment_status":"closed","ping_status":"closed","template":"","meta":{"_acf_changed":false,"_et_pb_use_builder":"on","_et_pb_old_content":"","_et_gb_content_width":"","footnotes":""},"class_list":["post-10623","page","type-page","status-publish","hentry"],"acf":[],"yoast_head":"<!-- This site is optimized with the Yoast SEO plugin v27.4 - https:\/\/yoast.com\/product\/yoast-seo-wordpress\/ -->\n<title>Outdoor - Kagu-Eesti Puiduklaster<\/title>\n<meta name=\"robots\" content=\"index, follow, max-snippet:-1, max-image-preview:large, max-video-preview:-1\" \/>\n<link rel=\"canonical\" href=\"https:\/\/puiduklaster.ee\/en\/rooms\/outdoor\/\" \/>\n<meta property=\"og:locale\" content=\"en_GB\" \/>\n<meta property=\"og:type\" content=\"article\" \/>\n<meta property=\"og:title\" content=\"Outdoor - Kagu-Eesti Puiduklaster\" \/>\n<meta property=\"og:description\" content=\"Outdoor\" \/>\n<meta property=\"og:site_name\" content=\"Kagu-Eesti Puiduklaster\" \/>\n<meta property=\"article:publisher\" content=\"https:\/\/www.facebook.com\/Puiduklaster\" \/>\n<meta property=\"article:modified_time\" content=\"2021-03-09T11:36:27+00:00\" \/>\n<meta name=\"twitter:card\" content=\"summary_large_image\" \/>\n<meta name=\"twitter:label1\" content=\"Estimated reading time\" \/>\n\t<meta name=\"twitter:data1\" content=\"1 minute\" \/>\n<script type=\"application\/ld+json\" class=\"yoast-schema-graph\">{\"@context\":\"https:\\\/\\\/schema.org\",\"@graph\":[{\"@type\":\"WebPage\",\"@id\":\"https:\\\/\\\/puiduklaster.ee\\\/en\\\/rooms\\\/outdoor\\\/\",\"url\":\"https:\\\/\\\/puiduklaster.ee\\\/en\\\/rooms\\\/outdoor\\\/\",\"name\":\"Outdoor - Kagu-Eesti Puiduklaster\",\"isPartOf\":{\"@id\":\"https:\\\/\\\/puiduklaster.ee\\\/en\\\/#website\"},\"datePublished\":\"2021-02-04T10:07:45+00:00\",\"dateModified\":\"2021-03-09T11:36:27+00:00\",\"breadcrumb\":{\"@id\":\"https:\\\/\\\/puiduklaster.ee\\\/en\\\/rooms\\\/outdoor\\\/#breadcrumb\"},\"inLanguage\":\"en-GB\",\"potentialAction\":[{\"@type\":\"ReadAction\",\"target\":[\"https:\\\/\\\/puiduklaster.ee\\\/en\\\/rooms\\\/outdoor\\\/\"]}]},{\"@type\":\"BreadcrumbList\",\"@id\":\"https:\\\/\\\/puiduklaster.ee\\\/en\\\/rooms\\\/outdoor\\\/#breadcrumb\",\"itemListElement\":[{\"@type\":\"ListItem\",\"position\":1,\"name\":\"Home\",\"item\":\"https:\\\/\\\/puiduklaster.ee\\\/en\\\/\"},{\"@type\":\"ListItem\",\"position\":2,\"name\":\"Rooms\",\"item\":\"https:\\\/\\\/puiduklaster.ee\\\/en\\\/rooms\\\/\"},{\"@type\":\"ListItem\",\"position\":3,\"name\":\"Outdoor\"}]},{\"@type\":\"WebSite\",\"@id\":\"https:\\\/\\\/puiduklaster.ee\\\/en\\\/#website\",\"url\":\"https:\\\/\\\/puiduklaster.ee\\\/en\\\/\",\"name\":\"Kagu-Eesti Puiduklaster\",\"description\":\"Puidu- ja m\u00f6\u00f6blitootjad L\u00f5una-Eestist\",\"publisher\":{\"@id\":\"https:\\\/\\\/puiduklaster.ee\\\/en\\\/#organization\"},\"potentialAction\":[{\"@type\":\"SearchAction\",\"target\":{\"@type\":\"EntryPoint\",\"urlTemplate\":\"https:\\\/\\\/puiduklaster.ee\\\/en\\\/?s={search_term_string}\"},\"query-input\":{\"@type\":\"PropertyValueSpecification\",\"valueRequired\":true,\"valueName\":\"search_term_string\"}}],\"inLanguage\":\"en-GB\"},{\"@type\":\"Organization\",\"@id\":\"https:\\\/\\\/puiduklaster.ee\\\/en\\\/#organization\",\"name\":\"Kagu-Eesti Puiduklaster\",\"url\":\"https:\\\/\\\/puiduklaster.ee\\\/en\\\/\",\"logo\":{\"@type\":\"ImageObject\",\"inLanguage\":\"en-GB\",\"@id\":\"https:\\\/\\\/puiduklaster.ee\\\/en\\\/#\\\/schema\\\/logo\\\/image\\\/\",\"url\":\"https:\\\/\\\/puiduklaster.ee\\\/wp-content\\\/uploads\\\/2020\\\/12\\\/puiduklaster-logo-201201.svg\",\"contentUrl\":\"https:\\\/\\\/puiduklaster.ee\\\/wp-content\\\/uploads\\\/2020\\\/12\\\/puiduklaster-logo-201201.svg\",\"width\":\"1024\",\"height\":\"1024\",\"caption\":\"Kagu-Eesti Puiduklaster\"},\"image\":{\"@id\":\"https:\\\/\\\/puiduklaster.ee\\\/en\\\/#\\\/schema\\\/logo\\\/image\\\/\"},\"sameAs\":[\"https:\\\/\\\/www.facebook.com\\\/Puiduklaster\"]}]}<\/script>\n<!-- \/ Yoast SEO plugin. -->","yoast_head_json":{"title":"Outdoor - Kagu-Eesti Puiduklaster","robots":{"index":"index","follow":"follow","max-snippet":"max-snippet:-1","max-image-preview":"max-image-preview:large","max-video-preview":"max-video-preview:-1"},"canonical":"https:\/\/puiduklaster.ee\/en\/rooms\/outdoor\/","og_locale":"en_GB","og_type":"article","og_title":"Outdoor - Kagu-Eesti Puiduklaster","og_description":"Outdoor","og_site_name":"Kagu-Eesti Puiduklaster","article_publisher":"https:\/\/www.facebook.com\/Puiduklaster","article_modified_time":"2021-03-09T11:36:27+00:00","twitter_card":"summary_large_image","twitter_misc":{"Estimated reading time":"1 minute"},"schema":{"@context":"https:\/\/schema.org","@graph":[{"@type":"WebPage","@id":"https:\/\/puiduklaster.ee\/en\/rooms\/outdoor\/","url":"https:\/\/puiduklaster.ee\/en\/rooms\/outdoor\/","name":"Outdoor - Kagu-Eesti Puiduklaster","isPartOf":{"@id":"https:\/\/puiduklaster.ee\/en\/#website"},"datePublished":"2021-02-04T10:07:45+00:00","dateModified":"2021-03-09T11:36:27+00:00","breadcrumb":{"@id":"https:\/\/puiduklaster.ee\/en\/rooms\/outdoor\/#breadcrumb"},"inLanguage":"en-GB","potentialAction":[{"@type":"ReadAction","target":["https:\/\/puiduklaster.ee\/en\/rooms\/outdoor\/"]}]},{"@type":"BreadcrumbList","@id":"https:\/\/puiduklaster.ee\/en\/rooms\/outdoor\/#breadcrumb","itemListElement":[{"@type":"ListItem","position":1,"name":"Home","item":"https:\/\/puiduklaster.ee\/en\/"},{"@type":"ListItem","position":2,"name":"Rooms","item":"https:\/\/puiduklaster.ee\/en\/rooms\/"},{"@type":"ListItem","position":3,"name":"Outdoor"}]},{"@type":"WebSite","@id":"https:\/\/puiduklaster.ee\/en\/#website","url":"https:\/\/puiduklaster.ee\/en\/","name":"Kagu-Eesti Puiduklaster","description":"Puidu- ja m\u00f6\u00f6blitootjad L\u00f5una-Eestist","publisher":{"@id":"https:\/\/puiduklaster.ee\/en\/#organization"},"potentialAction":[{"@type":"SearchAction","target":{"@type":"EntryPoint","urlTemplate":"https:\/\/puiduklaster.ee\/en\/?s={search_term_string}"},"query-input":{"@type":"PropertyValueSpecification","valueRequired":true,"valueName":"search_term_string"}}],"inLanguage":"en-GB"},{"@type":"Organization","@id":"https:\/\/puiduklaster.ee\/en\/#organization","name":"Kagu-Eesti Puiduklaster","url":"https:\/\/puiduklaster.ee\/en\/","logo":{"@type":"ImageObject","inLanguage":"en-GB","@id":"https:\/\/puiduklaster.ee\/en\/#\/schema\/logo\/image\/","url":"https:\/\/puiduklaster.ee\/wp-content\/uploads\/2020\/12\/puiduklaster-logo-201201.svg","contentUrl":"https:\/\/puiduklaster.ee\/wp-content\/uploads\/2020\/12\/puiduklaster-logo-201201.svg","width":"1024","height":"1024","caption":"Kagu-Eesti Puiduklaster"},"image":{"@id":"https:\/\/puiduklaster.ee\/en\/#\/schema\/logo\/image\/"},"sameAs":["https:\/\/www.facebook.com\/Puiduklaster"]}]}},"_links":{"self":[{"href":"https:\/\/puiduklaster.ee\/en\/wp-json\/wp\/v2\/pages\/10623","targetHints":{"allow":["GET"]}}],"collection":[{"href":"https:\/\/puiduklaster.ee\/en\/wp-json\/wp\/v2\/pages"}],"about":[{"href":"https:\/\/puiduklaster.ee\/en\/wp-json\/wp\/v2\/types\/page"}],"author":[{"embeddable":true,"href":"https:\/\/puiduklaster.ee\/en\/wp-json\/wp\/v2\/users\/1"}],"replies":[{"embeddable":true,"href":"https:\/\/puiduklaster.ee\/en\/wp-json\/wp\/v2\/comments?post=10623"}],"version-history":[{"count":3,"href":"https:\/\/puiduklaster.ee\/en\/wp-json\/wp\/v2\/pages\/10623\/revisions"}],"predecessor-version":[{"id":14131,"href":"https:\/\/puiduklaster.ee\/en\/wp-json\/wp\/v2\/pages\/10623\/revisions\/14131"}],"up":[{"embeddable":true,"href":"https:\/\/puiduklaster.ee\/en\/wp-json\/wp\/v2\/pages\/10614"}],"wp:attachment":[{"href":"https:\/\/puiduklaster.ee\/en\/wp-json\/wp\/v2\/media?parent=10623"}],"curies":[{"name":"wp","href":"https:\/\/api.w.org\/{rel}","templated":true}]}}